{"id":11,"date":"2026-05-08T12:10:35","date_gmt":"2026-05-08T12:10:35","guid":{"rendered":"http:\/\/whfgasn.cluster121.hosting.ovh.net\/?page_id=11"},"modified":"2026-05-08T14:39:29","modified_gmt":"2026-05-08T14:39:29","slug":"panel-klienta","status":"publish","type":"page","link":"https:\/\/linkerx.eu\/panel-klienta\/","title":{"rendered":"Panel Klienta"},"content":{"rendered":"\n<div class=\"wp-block-uagb-container uagb-block-900088b2 alignfull uagb-is-root-container\"><div class=\"uagb-container-inner-blocks-wrap\">\n<div class=\"wp-block-uagb-container uagb-block-0be9412b alignfull uagb-is-root-container\"><div class=\"uagb-container-inner-blocks-wrap\">\n<div class=\"wp-block-uagb-advanced-heading uagb-block-a8da8a04\"><h1 class=\"uagb-heading-text\">Witaj w panelu klienta<\/h1><p class=\"uagb-desc-text\">W panelu masz loginy, has\u0142a, list\u0119 swoich us\u0142ug i wi\u0119cej<\/p><\/div>\n<\/div><\/div>\n<\/div><\/div>\n\n\n\n<div style=\"--etb-a-tab-btn-bg-color:var(--ast-global-color-4);--etb-a-tab-btn-text-color:var(--ast-global-color-6);--etb-a-tab-btn-heading-color:#ffffff;--etb-a-tab-icon-stroke-color:#ffffff;--etb-a-tab-bt-style:none;--etb-a-tab-bt-width:0px;--etb-a-tab-br-style:none;--etb-a-tab-br-width:0px;--etb-a-tab-bb-style:none;--etb-a-tab-bb-width:0px;--etb-a-tab-bl-style:none;--etb-a-tab-bl-width:0px;--etb-h-tab-btn-bg-color:#ffffff;--etb-h-tab-btn-text-color:#000000;--etb-h-tab-btn-heading-color:#000000;--etb-h-tab-icon-stroke-color:#000000;--etb-h-tab-bt-style:none;--etb-h-tab-bt-width:0px;--etb-h-tab-br-style:none;--etb-h-tab-br-width:0px;--etb-h-tab-bb-style:none;--etb-h-tab-bb-width:0px;--etb-h-tab-bl-style:none;--etb-h-tab-bl-width:0px\" class=\"wp-block-easy-tabs-block-tabs has-active-etb-bg-color has-active-etb-text-color has-active-etb-heading-color has-active-etb-icon-stroke-color has-active-etb-border has-hover-etb-bg-color has-hover-etb-text-color has-hover-etb-heading-color has-hover-etb-icon-stroke-color has-hover-etb-border\" data-id=\"6c6f6f54-409e-41b2-9d43-d2361123d2f0\" data-initial-tab=\"1\" data-trigger=\"click\"><div class=\"wp-block-easy-tabs-block-tabs-inner is-layout-flow wp-block-easy-tabs-block-tabs-is-layout-flow\">\n<div class=\"wp-block-columns is-layout-flex wp-container-core-columns-is-layout-28f84493 wp-block-columns-is-layout-flex\">\n<div class=\"wp-block-column has-border-color has-background is-layout-flow wp-block-column-is-layout-flow\" style=\"border-color:#f5f1eb;border-width:25px;background-color:#f5f1eb;padding-top:0;padding-bottom:0;flex-basis:33.33%\">\n<div class=\"wp-block-easy-tabs-block-tab-buttons is-vertical is-content-justification-stretch is-layout-flex wp-container-easy-tabs-block-tab-buttons-is-layout-353c4f5a wp-block-easy-tabs-block-tab-buttons-is-layout-flex\" data-selector=\"6c6f6f54-409e-41b2-9d43-d2361123d2f0\">\n<div class=\"wp-block-easy-tabs-block-tab-button\" style=\"border-style:none;border-width:0px;border-top-left-radius:10px;border-top-right-radius:10px;border-bottom-left-radius:10px;border-bottom-right-radius:10px\" data-selector=\"6c6f6f54-409e-41b2-9d43-d2361123d2f0\">\n<p class=\"has-medium-font-size\"><strong>Lista Us\u0142ug<\/strong><\/p>\n<\/div>\n\n\n\n<div class=\"wp-block-easy-tabs-block-tab-button\" style=\"border-style:none;border-width:0px;border-top-left-radius:10px;border-top-right-radius:10px;border-bottom-left-radius:10px;border-bottom-right-radius:10px\" data-selector=\"6c6f6f54-409e-41b2-9d43-d2361123d2f0\">\n<p class=\"has-medium-font-size\"><strong>Loginy\/Dost\u0119py<\/strong><\/p>\n<\/div>\n\n\n\n<div class=\"wp-block-easy-tabs-block-tab-button\" style=\"border-style:none;border-width:0px;border-top-left-radius:10px;border-top-right-radius:10px;border-bottom-left-radius:10px;border-bottom-right-radius:10px\" data-selector=\"6c6f6f54-409e-41b2-9d43-d2361123d2f0\">\n<p class=\"has-medium-font-size\"><strong>Informacje<\/strong><\/p>\n<\/div>\n\n\n\n<div class=\"wp-block-easy-tabs-block-tab-button\" style=\"border-style:none;border-width:0px;border-top-left-radius:10px;border-top-right-radius:10px;border-bottom-left-radius:10px;border-bottom-right-radius:10px\" data-selector=\"6c6f6f54-409e-41b2-9d43-d2361123d2f0\">\n<p class=\"has-medium-font-size\"><strong>Kontakt<\/strong><\/p>\n<\/div>\n\n\n\n<div class=\"wp-block-easy-tabs-block-tab-button\" style=\"border-style:none;border-width:0px;border-top-left-radius:10px;border-top-right-radius:10px;border-bottom-left-radius:10px;border-bottom-right-radius:10px\" data-selector=\"6c6f6f54-409e-41b2-9d43-d2361123d2f0\">\n<p class=\"has-medium-font-size\"><strong>O Mnie<\/strong><\/p>\n<\/div>\n<\/div>\n\n\n\n<div class=\"wp-block-uagb-container uagb-block-b8817c01 alignfull uagb-is-root-container\"><div class=\"uagb-container-inner-blocks-wrap\"><\/div><\/div>\n<\/div>\n\n\n\n<div class=\"wp-block-column is-layout-flow wp-block-column-is-layout-flow\" style=\"flex-basis:66.66%\">\n<div class=\"wp-block-easy-tabs-block-tab-contents\" style=\"border-style:none;border-width:0px;border-top-left-radius:0px;border-top-right-radius:0px;border-bottom-left-radius:0px;border-bottom-right-radius:0px\">\n<div class=\"wp-block-easy-tabs-block-tab-content\" data-selector=\"6c6f6f54-409e-41b2-9d43-d2361123d2f0\">\n<h3 class=\"wp-block-heading\" style=\"font-weight:700\">Lista Us\u0142ug<\/h3>\n\n\n\n\n<\/div>\n\n\n\n<div class=\"wp-block-easy-tabs-block-tab-content\" data-selector=\"6c6f6f54-409e-41b2-9d43-d2361123d2f0\">\n<h3 class=\"wp-block-heading\" style=\"font-weight:700\">Loginy\/Dost\u0119py<\/h3>\n\n\n\n\n<\/div>\n\n\n\n<div class=\"wp-block-easy-tabs-block-tab-content\" data-selector=\"6c6f6f54-409e-41b2-9d43-d2361123d2f0\">\n<h3 class=\"wp-block-heading\" style=\"font-weight:700\">Informacje<\/h3>\n\n\n\n\n<\/div>\n\n\n\n<div class=\"wp-block-easy-tabs-block-tab-content\" data-selector=\"6c6f6f54-409e-41b2-9d43-d2361123d2f0\">\n<h3 class=\"wp-block-heading\" style=\"font-weight:700\">Kontakt<\/h3>\n\n\n\n\n<\/div>\n\n\n\n<div class=\"wp-block-easy-tabs-block-tab-content\" data-selector=\"6c6f6f54-409e-41b2-9d43-d2361123d2f0\">\n<h3 class=\"wp-block-heading\" style=\"font-weight:700\">O Mnie<\/h3>\n\n\n\n\n<\/div>\n\n\n\n<div class=\"wp-block-easy-tabs-block-tab-content\" data-selector=\"6c6f6f54-409e-41b2-9d43-d2361123d2f0\">\n<p><\/p>\n<\/div>\n<\/div>\n<\/div>\n<\/div>\n<\/div><\/div>\n","protected":false},"excerpt":{"rendered":"<p>Witaj w panelu klienta W panelu masz loginy, has\u0142a, list\u0119 swoich us\u0142ug i wi\u0119cej<\/p>\n","protected":false},"author":1,"featured_media":0,"parent":0,"menu_order":0,"comment_status":"closed","ping_status":"closed","template":"","meta":{"_acf_changed":false,"_uag_custom_page_level_css":"","site-sidebar-layout":"default","site-content-layout":"","ast-site-content-layout":"default","site-content-style":"default","site-sidebar-style":"default","ast-global-header-display":"","ast-banner-title-visibility":"","ast-main-header-display":"","ast-hfb-above-header-display":"","ast-hfb-below-header-display":"","ast-hfb-mobile-header-display":"","site-post-title":"disabled","ast-breadcrumbs-content":"","ast-featured-img":"","footer-sml-layout":"","ast-disable-related-posts":"","theme-transparent-header-meta":"","adv-header-id-meta":"","stick-header-meta":"","header-above-stick-meta":"","header-main-stick-meta":"","header-below-stick-meta":"","astra-migrate-meta-layouts":"default","ast-page-background-enabled":"default","ast-page-background-meta":{"desktop":{"background-color":"var(--ast-global-color-5)","background-image":"","background-repeat":"repeat","background-position":"center center","background-size":"auto","background-attachment":"scroll","background-type":"","background-media":"","overlay-type":"","overlay-color":"","overlay-opacity":"","overlay-gradient":""},"tablet":{"background-color":"","background-image":"","background-repeat":"repeat","background-position":"center center","background-size":"auto","background-attachment":"scroll","background-type":"","background-media":"","overlay-type":"","overlay-color":"","overlay-opacity":"","overlay-gradient":""},"mobile":{"background-color":"","background-image":"","background-repeat":"repeat","background-position":"center center","background-size":"auto","background-attachment":"scroll","background-type":"","background-media":"","overlay-type":"","overlay-color":"","overlay-opacity":"","overlay-gradient":""}},"ast-content-background-meta":{"desktop":{"background-color":"var(--ast-global-color-4)","background-image":"","background-repeat":"repeat","background-position":"center center","background-size":"auto","background-attachment":"scroll","background-type":"","background-media":"","overlay-type":"","overlay-color":"","overlay-opacity":"","overlay-gradient":""},"tablet":{"background-color":"var(--ast-global-color-4)","background-image":"","background-repeat":"repeat","background-position":"center center","background-size":"auto","background-attachment":"scroll","background-type":"","background-media":"","overlay-type":"","overlay-color":"","overlay-opacity":"","overlay-gradient":""},"mobile":{"background-color":"var(--ast-global-color-4)","background-image":"","background-repeat":"repeat","background-position":"center center","background-size":"auto","background-attachment":"scroll","background-type":"","background-media":"","overlay-type":"","overlay-color":"","overlay-opacity":"","overlay-gradient":""}},"footnotes":""},"class_list":["post-11","page","type-page","status-publish","hentry"],"acf":[],"mb":[],"uagb_featured_image_src":{"full":false,"thumbnail":false,"medium":false,"medium_large":false,"large":false,"1536x1536":false,"2048x2048":false},"uagb_author_info":{"display_name":"admin9523","author_link":"https:\/\/linkerx.eu\/author\/admin9523\/"},"uagb_comment_info":0,"uagb_excerpt":"Witaj w panelu klienta W panelu masz loginy, has\u0142a, list\u0119 swoich us\u0142ug i wi\u0119cej","mfb_rest_fields":["title","uagb_featured_image_src","uagb_author_info","uagb_comment_info","uagb_excerpt"],"_links":{"self":[{"href":"https:\/\/linkerx.eu\/wp-json\/wp\/v2\/pages\/11","targetHints":{"allow":["GET"]}}],"collection":[{"href":"https:\/\/linkerx.eu\/wp-json\/wp\/v2\/pages"}],"about":[{"href":"https:\/\/linkerx.eu\/wp-json\/wp\/v2\/types\/page"}],"author":[{"embeddable":true,"href":"https:\/\/linkerx.eu\/wp-json\/wp\/v2\/users\/1"}],"replies":[{"embeddable":true,"href":"https:\/\/linkerx.eu\/wp-json\/wp\/v2\/comments?post=11"}],"version-history":[{"count":17,"href":"https:\/\/linkerx.eu\/wp-json\/wp\/v2\/pages\/11\/revisions"}],"predecessor-version":[{"id":49,"href":"https:\/\/linkerx.eu\/wp-json\/wp\/v2\/pages\/11\/revisions\/49"}],"wp:attachment":[{"href":"https:\/\/linkerx.eu\/wp-json\/wp\/v2\/media?parent=11"}],"curies":[{"name":"wp","href":"https:\/\/api.w.org\/{rel}","templated":true}]}}